{"id":5987,"date":"2020-01-29T11:27:53","date_gmt":"2020-01-29T11:27:53","guid":{"rendered":"http:\/\/chor-just4fun.de\/?page_id=5987"},"modified":"2024-11-03T20:53:22","modified_gmt":"2024-11-03T20:53:22","slug":"thomas-scheike","status":"publish","type":"page","link":"https:\/\/chor-just4fun.de\/?page_id=5987","title":{"rendered":"Chorleitung"},"content":{"rendered":"\t\t<div data-elementor-type=\"wp-page\" data-elementor-id=\"5987\" class=\"elementor elementor-5987\">\n\t\t\t\t\t\t<section class=\"elementor-section elementor-top-section elementor-element elementor-element-ab91120 elementor-section-boxed elementor-section-height-default elementor-section-height-default\" data-id=\"ab91120\" data-element_type=\"section\">\n\t\t\t\t\t\t<div class=\"elementor-container elementor-column-gap-default\">\n\t\t\t\t\t<div class=\"elementor-column elementor-col-50 elementor-top-column elementor-element elementor-element-0a8435b\" data-id=\"0a8435b\" data-element_type=\"column\">\n\t\t\t<div class=\"elementor-widget-wrap elementor-element-populated\">\n\t\t\t\t\t\t<div class=\"elementor-element elementor-element-6a3e393 elementor-widget elementor-widget-image\" data-id=\"6a3e393\" data-element_type=\"widget\" data-widget_type=\"image.default\">\n\t\t\t\t<div class=\"elementor-widget-container\">\n\t\t\t\t\t\t\t\t\t\t\t\t\t\t\t<img fetchpriority=\"high\" decoding=\"async\" width=\"283\" height=\"425\" src=\"https:\/\/chor-just4fun.de\/wp-content\/uploads\/2019\/12\/thomas_scheike_chor-just4fun.jpg\" class=\"attachment-large size-large wp-image-5944\" alt=\"\" srcset=\"https:\/\/chor-just4fun.de\/wp-content\/uploads\/2019\/12\/thomas_scheike_chor-just4fun.jpg 283w, https:\/\/chor-just4fun.de\/wp-content\/uploads\/2019\/12\/thomas_scheike_chor-just4fun-200x300.jpg 200w\" sizes=\"(max-width: 283px) 100vw, 283px\" \/>\t\t\t\t\t\t\t\t\t\t\t\t\t\t\t<\/div>\n\t\t\t\t<\/div>\n\t\t\t\t<div class=\"elementor-element elementor-element-a48427c elementor-widget elementor-widget-heading\" data-id=\"a48427c\" data-element_type=\"widget\" data-widget_type=\"heading.default\">\n\t\t\t\t<div class=\"elementor-widget-container\">\n\t\t\t\t\t<h1 class=\"elementor-heading-title elementor-size-default\">Thomas Scheike<\/h1>\t\t\t\t<\/div>\n\t\t\t\t<\/div>\n\t\t\t\t\t<\/div>\n\t\t<\/div>\n\t\t\t\t<div class=\"elementor-column elementor-col-50 elementor-top-column elementor-element elementor-element-7f9c125\" data-id=\"7f9c125\" data-element_type=\"column\">\n\t\t\t<div class=\"elementor-widget-wrap elementor-element-populated\">\n\t\t\t\t\t\t<div class=\"elementor-element elementor-element-c8d8973 elementor-widget elementor-widget-heading\" data-id=\"c8d8973\" data-element_type=\"widget\" data-widget_type=\"heading.default\">\n\t\t\t\t<div class=\"elementor-widget-container\">\n\t\t\t\t\t<h2 class=\"elementor-heading-title elementor-size-default\">Lebenslauf <\/h2>\t\t\t\t<\/div>\n\t\t\t\t<\/div>\n\t\t\t\t<div class=\"elementor-element elementor-element-d4bea23 elementor-icon-list--layout-traditional elementor-list-item-link-full_width elementor-widget elementor-widget-icon-list\" data-id=\"d4bea23\" data-element_type=\"widget\" data-widget_type=\"icon-list.default\">\n\t\t\t\t<div class=\"elementor-widget-container\">\n\t\t\t\t\t\t\t<ul class=\"elementor-icon-list-items\">\n\t\t\t\t\t\t\t<li class=\"elementor-icon-list-item\">\n\t\t\t\t\t\t\t\t\t\t\t<span class=\"elementor-icon-list-icon\">\n\t\t\t\t\t\t\t<i aria-hidden=\"true\" class=\"fas fa-chevron-circle-right\"><\/i>\t\t\t\t\t\t<\/span>\n\t\t\t\t\t\t\t\t\t\t<span class=\"elementor-icon-list-text\">Geboren 1964 in Bad Kreuznach<\/span>\n\t\t\t\t\t\t\t\t\t<\/li>\n\t\t\t\t\t\t\t\t<li class=\"elementor-icon-list-item\">\n\t\t\t\t\t\t\t\t\t\t\t<span class=\"elementor-icon-list-icon\">\n\t\t\t\t\t\t\t<i aria-hidden=\"true\" class=\"fas fa-chevron-circle-right\"><\/i>\t\t\t\t\t\t<\/span>\n\t\t\t\t\t\t\t\t\t\t<span class=\"elementor-icon-list-text\">Orgelsch\u00fcler bei Dieter Wellmann<\/span>\n\t\t\t\t\t\t\t\t\t<\/li>\n\t\t\t\t\t\t\t\t<li class=\"elementor-icon-list-item\">\n\t\t\t\t\t\t\t\t\t\t\t<span class=\"elementor-icon-list-icon\">\n\t\t\t\t\t\t\t<i aria-hidden=\"true\" class=\"fas fa-chevron-circle-right\"><\/i>\t\t\t\t\t\t<\/span>\n\t\t\t\t\t\t\t\t\t\t<span class=\"elementor-icon-list-text\">Musikstudium an der Musikhochschule K\u00f6ln:&nbsp;<div>Kath. Kirchenmusik (A-Examen), Instrumental-P\u00e4dagogik Klavier;&nbsp;<\/div><div>Orchesterleitung bei Volker Wangenheim (Diplom 1994)<\/div><\/span>\n\t\t\t\t\t\t\t\t\t<\/li>\n\t\t\t\t\t\t\t\t<li class=\"elementor-icon-list-item\">\n\t\t\t\t\t\t\t\t\t\t\t<span class=\"elementor-icon-list-icon\">\n\t\t\t\t\t\t\t<i aria-hidden=\"true\" class=\"fas fa-chevron-circle-right\"><\/i>\t\t\t\t\t\t<\/span>\n\t\t\t\t\t\t\t\t\t\t<span class=\"elementor-icon-list-text\">Stipendiat der Richard-Wagner-Gesellschaft<\/span>\n\t\t\t\t\t\t\t\t\t<\/li>\n\t\t\t\t\t\t\t\t<li class=\"elementor-icon-list-item\">\n\t\t\t\t\t\t\t\t\t\t\t<span class=\"elementor-icon-list-icon\">\n\t\t\t\t\t\t\t<i aria-hidden=\"true\" class=\"fas fa-chevron-circle-right\"><\/i>\t\t\t\t\t\t<\/span>\n\t\t\t\t\t\t\t\t\t\t<span class=\"elementor-icon-list-text\">Konzerte und CD-Produktionen mit dem K\u00f6lner Kammerchor,  <br>dem Barock-Chor \u201eCapella Piccola\u201c Neuss und dem  Jazzchor \"da capo\u201c, Dortmund.<\/span>\n\t\t\t\t\t\t\t\t\t<\/li>\n\t\t\t\t\t\t\t\t<li class=\"elementor-icon-list-item\">\n\t\t\t\t\t\t\t\t\t\t\t<span class=\"elementor-icon-list-icon\">\n\t\t\t\t\t\t\t<i aria-hidden=\"true\" class=\"fas fa-chevron-circle-right\"><\/i>\t\t\t\t\t\t<\/span>\n\t\t\t\t\t\t\t\t\t\t<span class=\"elementor-icon-list-text\">Seit 1998 freiberuflich t\u00e4tig als Chorleiter, Pianist und Organist,  sowie als Lehrer f\u00fcr Klavier und Gesang.<\/span>\n\t\t\t\t\t\t\t\t\t<\/li>\n\t\t\t\t\t\t\t\t<li class=\"elementor-icon-list-item\">\n\t\t\t\t\t\t\t\t\t\t\t<span class=\"elementor-icon-list-icon\">\n\t\t\t\t\t\t\t<i aria-hidden=\"true\" class=\"fas fa-chevron-circle-right\"><\/i>\t\t\t\t\t\t<\/span>\n\t\t\t\t\t\t\t\t\t\t<span class=\"elementor-icon-list-text\">Gr\u00fcndungsmitglied und langj\u00e4hriger Musikalischer Leiter des  Klassikforums an der Selz e.V. (Ausf\u00fchrender des Mozart-Klaviersonaten-Zyklus 2006\/07)<\/span>\n\t\t\t\t\t\t\t\t\t<\/li>\n\t\t\t\t\t\t\t\t<li class=\"elementor-icon-list-item\">\n\t\t\t\t\t\t\t\t\t\t\t<span class=\"elementor-icon-list-icon\">\n\t\t\t\t\t\t\t<i aria-hidden=\"true\" class=\"fas fa-chevron-circle-right\"><\/i>\t\t\t\t\t\t<\/span>\n\t\t\t\t\t\t\t\t\t\t<span class=\"elementor-icon-list-text\">Ersteinspielung der wiederentdeckten \u201eBozner\u201c Sonate von Joseph Haydn 2011<\/span>\n\t\t\t\t\t\t\t\t\t<\/li>\n\t\t\t\t\t\t\t\t<li class=\"elementor-icon-list-item\">\n\t\t\t\t\t\t\t\t\t\t\t<span class=\"elementor-icon-list-icon\">\n\t\t\t\t\t\t\t<i aria-hidden=\"true\" class=\"fas fa-chevron-circle-right\"><\/i>\t\t\t\t\t\t<\/span>\n\t\t\t\t\t\t\t\t\t\t<span class=\"elementor-icon-list-text\">Musikalischer Leiter des Chores Just4Fun Hochheim am Main seit 2004, des Kleines Chores Ebernburg seit 2008, des Neuen Chores der Kreuznacher Liedertafel seit 2013  und des Gemischten Chores Langenlonsheim seit 2017<\/span>\n\t\t\t\t\t\t\t\t\t<\/li>\n\t\t\t\t\t\t\t\t<li class=\"elementor-icon-list-item\">\n\t\t\t\t\t\t\t\t\t\t\t<span class=\"elementor-icon-list-icon\">\n\t\t\t\t\t\t\t<i aria-hidden=\"true\" class=\"fas fa-chevron-circle-right\"><\/i>\t\t\t\t\t\t<\/span>\n\t\t\t\t\t\t\t\t\t\t<span class=\"elementor-icon-list-text\">Leiter der Kantorei an der Pauluskirche Bad Kreuznach w\u00e4hrend der Vakanz 2015<\/span>\n\t\t\t\t\t\t\t\t\t<\/li>\n\t\t\t\t\t\t\t\t<li class=\"elementor-icon-list-item\">\n\t\t\t\t\t\t\t\t\t\t\t<span class=\"elementor-icon-list-icon\">\n\t\t\t\t\t\t\t<i aria-hidden=\"true\" class=\"fas fa-chevron-circle-right\"><\/i>\t\t\t\t\t\t<\/span>\n\t\t\t\t\t\t\t\t\t\t<span class=\"elementor-icon-list-text\">Kreischorleiter des Chorverbandes Bad Kreuznach seit 2017<\/span>\n\t\t\t\t\t\t\t\t\t<\/li>\n\t\t\t\t\t\t\t\t<li class=\"elementor-icon-list-item\">\n\t\t\t\t\t\t\t\t\t\t\t<span class=\"elementor-icon-list-icon\">\n\t\t\t\t\t\t\t<i aria-hidden=\"true\" class=\"fas fa-chevron-circle-right\"><\/i>\t\t\t\t\t\t<\/span>\n\t\t\t\t\t\t\t\t\t\t<span class=\"elementor-icon-list-text\">Pianist des klassischen Klaviertrios \u201eRotenfels-Trio\u201c seit 2018<\/span>\n\t\t\t\t\t\t\t\t\t<\/li>\n\t\t\t\t\t\t<\/ul>\n\t\t\t\t\t\t<\/div>\n\t\t\t\t<\/div>\n\t\t\t\t\t<\/div>\n\t\t<\/div>\n\t\t\t\t\t<\/div>\n\t\t<\/section>\n\t\t\t\t<section class=\"elementor-section elementor-top-section elementor-element elementor-element-263f409 elementor-section-boxed elementor-section-height-default elementor-section-height-default\" data-id=\"263f409\" data-element_type=\"section\">\n\t\t\t\t\t\t<div class=\"elementor-container elementor-column-gap-default\">\n\t\t\t\t\t<div class=\"elementor-column elementor-col-100 elementor-top-column elementor-element elementor-element-3c82daf\" data-id=\"3c82daf\" data-element_type=\"column\">\n\t\t\t<div class=\"elementor-widget-wrap elementor-element-populated\">\n\t\t\t\t\t\t<div class=\"elementor-element elementor-element-01bbf72 elementor-widget-divider--separator-type-pattern elementor-widget-divider--view-line elementor-widget elementor-widget-divider\" data-id=\"01bbf72\" data-element_type=\"widget\" data-widget_type=\"divider.default\">\n\t\t\t\t<div class=\"elementor-widget-container\">\n\t\t\t\t\t\t\t<div class=\"elementor-divider\" style=\"--divider-pattern-url: url(&quot;data:image\/svg+xml,%3Csvg xmlns=&#039;http:\/\/www.w3.org\/2000\/svg&#039; preserveAspectRatio=&#039;none&#039; overflow=&#039;visible&#039; height=&#039;100%&#039; viewBox=&#039;0 0 24 24&#039; fill=&#039;none&#039; stroke=&#039;black&#039; stroke-width=&#039;1&#039; stroke-linecap=&#039;square&#039; stroke-miterlimit=&#039;10&#039;%3E%3Cpath d=&#039;M0,6c6,0,0.9,11.1,6.9,11.1S18,6,24,6&#039;\/%3E%3C\/svg%3E&quot;);\">\n\t\t\t<span class=\"elementor-divider-separator\">\n\t\t\t\t\t\t<\/span>\n\t\t<\/div>\n\t\t\t\t\t\t<\/div>\n\t\t\t\t<\/div>\n\t\t\t\t<div class=\"elementor-element elementor-element-bdbcdad elementor-widget elementor-widget-heading\" data-id=\"bdbcdad\" data-element_type=\"widget\" data-widget_type=\"heading.default\">\n\t\t\t\t<div class=\"elementor-widget-container\">\n\t\t\t\t\t<h2 class=\"elementor-heading-title elementor-size-default\">Medien<\/h2>\t\t\t\t<\/div>\n\t\t\t\t<\/div>\n\t\t\t\t\t<\/div>\n\t\t<\/div>\n\t\t\t\t\t<\/div>\n\t\t<\/section>\n\t\t\t\t<section class=\"elementor-section elementor-top-section elementor-element elementor-element-fce3ebc elementor-section-boxed elementor-section-height-default elementor-section-height-default\" data-id=\"fce3ebc\" data-element_type=\"section\">\n\t\t\t\t\t\t<div class=\"elementor-container elementor-column-gap-default\">\n\t\t\t\t\t<div class=\"elementor-column elementor-col-100 elementor-top-column elementor-element elementor-element-4c8a442\" data-id=\"4c8a442\" data-element_type=\"column\">\n\t\t\t<div class=\"elementor-widget-wrap elementor-element-populated\">\n\t\t\t\t\t\t<div class=\"elementor-element elementor-element-52b0e37 elementor-position-top elementor-widget elementor-widget-image-box\" data-id=\"52b0e37\" data-element_type=\"widget\" data-widget_type=\"image-box.default\">\n\t\t\t\t<div class=\"elementor-widget-container\">\n\t\t\t\t\t<div class=\"elementor-image-box-wrapper\"><figure class=\"elementor-image-box-img\"><a href=\"https:\/\/www.amazon.de\/Joseph-Haydn-Bozner-Sonate-Thomas-Scheike\/dp\/B00BEUCE5Y\/ref=sr_1_fkmr0_2?__mk_de_DE=\u00c5M\u00c5\u017d\u00d5\u00d1&#038;keywords=%22Bozner%22+Sonate+2011.&#038;qid=1580298091&#038;sr=8-2-fkmr0\" tabindex=\"-1\"><img decoding=\"async\" width=\"1200\" height=\"1074\" src=\"https:\/\/chor-just4fun.de\/wp-content\/uploads\/2020\/01\/71sXn55eJ3L._SL1200_.jpg\" class=\"attachment-full size-full wp-image-5991\" alt=\"\" srcset=\"https:\/\/chor-just4fun.de\/wp-content\/uploads\/2020\/01\/71sXn55eJ3L._SL1200_.jpg 1200w, https:\/\/chor-just4fun.de\/wp-content\/uploads\/2020\/01\/71sXn55eJ3L._SL1200_-300x269.jpg 300w, https:\/\/chor-just4fun.de\/wp-content\/uploads\/2020\/01\/71sXn55eJ3L._SL1200_-1024x916.jpg 1024w, https:\/\/chor-just4fun.de\/wp-content\/uploads\/2020\/01\/71sXn55eJ3L._SL1200_-768x687.jpg 768w, https:\/\/chor-just4fun.de\/wp-content\/uploads\/2020\/01\/71sXn55eJ3L._SL1200_-600x537.jpg 600w\" sizes=\"(max-width: 1200px) 100vw, 1200px\" \/><\/a><\/figure><div class=\"elementor-image-box-content\"><h3 class=\"elementor-image-box-title\"><a href=\"https:\/\/www.amazon.de\/Joseph-Haydn-Bozner-Sonate-Thomas-Scheike\/dp\/B00BEUCE5Y\/ref=sr_1_fkmr0_2?__mk_de_DE=\u00c5M\u00c5\u017d\u00d5\u00d1&#038;keywords=%22Bozner%22+Sonate+2011.&#038;qid=1580298091&#038;sr=8-2-fkmr0\">Ersteinspielung der wiederentdeckten \"Bronzer\" Sonate 2011.<\/a><\/h3><p class=\"elementor-image-box-description\">Doppel-CD\u00a0zum Preis von 19,-- \u20ac\u00a0bei den Konzerten erh\u00e4ltlich oder zu bestellen unter www.amazon.de.\u00a0\n<\/p><\/div><\/div>\t\t\t\t<\/div>\n\t\t\t\t<\/div>\n\t\t\t\t<div class=\"elementor-element elementor-element-f45394d elementor-align-center elementor-widget elementor-widget-button\" data-id=\"f45394d\" data-element_type=\"widget\" data-widget_type=\"button.default\">\n\t\t\t\t<div class=\"elementor-widget-container\">\n\t\t\t\t\t\t\t\t\t<div class=\"elementor-button-wrapper\">\n\t\t\t\t\t<a class=\"elementor-button elementor-button-link elementor-size-sm\" href=\"https:\/\/www.amazon.de\/Joseph-Haydn-Bozner-Sonate-Thomas-Scheike\/dp\/B00BEUCE5Y\/ref=sr_1_fkmr0_2?__mk_de_DE=\u00c5M\u00c5\u017d\u00d5\u00d1&#038;keywords=%22Bozner%22+Sonate+2011.&#038;qid=1580298091&#038;sr=8-2-fkmr0\">\n\t\t\t\t\t\t<span class=\"elementor-button-content-wrapper\">\n\t\t\t\t\t\t\t\t\t<span class=\"elementor-button-text\">Jetzt Kaufen<\/span>\n\t\t\t\t\t<\/span>\n\t\t\t\t\t<\/a>\n\t\t\t\t<\/div>\n\t\t\t\t\t\t\t\t<\/div>\n\t\t\t\t<\/div>\n\t\t\t\t\t<\/div>\n\t\t<\/div>\n\t\t\t\t\t<\/div>\n\t\t<\/section>\n\t\t\t\t<section class=\"elementor-section elementor-top-section elementor-element elementor-element-6bee22c elementor-section-boxed elementor-section-height-default elementor-section-height-default\" data-id=\"6bee22c\" data-element_type=\"section\">\n\t\t\t\t\t\t<div class=\"elementor-container elementor-column-gap-default\">\n\t\t\t\t\t<div class=\"elementor-column elementor-col-100 elementor-top-column elementor-element elementor-element-643e33d\" data-id=\"643e33d\" data-element_type=\"column\">\n\t\t\t<div class=\"elementor-widget-wrap elementor-element-populated\">\n\t\t\t\t\t\t<div class=\"elementor-element elementor-element-8d66b1b elementor-widget-divider--separator-type-pattern elementor-widget-divider--view-line elementor-widget elementor-widget-divider\" data-id=\"8d66b1b\" data-element_type=\"widget\" data-widget_type=\"divider.default\">\n\t\t\t\t<div class=\"elementor-widget-container\">\n\t\t\t\t\t\t\t<div class=\"elementor-divider\" style=\"--divider-pattern-url: url(&quot;data:image\/svg+xml,%3Csvg xmlns=&#039;http:\/\/www.w3.org\/2000\/svg&#039; preserveAspectRatio=&#039;none&#039; overflow=&#039;visible&#039; height=&#039;100%&#039; viewBox=&#039;0 0 24 24&#039; fill=&#039;none&#039; stroke=&#039;black&#039; stroke-width=&#039;1&#039; stroke-linecap=&#039;square&#039; stroke-miterlimit=&#039;10&#039;%3E%3Cpath d=&#039;M0,6c6,0,0.9,11.1,6.9,11.1S18,6,24,6&#039;\/%3E%3C\/svg%3E&quot;);\">\n\t\t\t<span class=\"elementor-divider-separator\">\n\t\t\t\t\t\t<\/span>\n\t\t<\/div>\n\t\t\t\t\t\t<\/div>\n\t\t\t\t<\/div>\n\t\t\t\t<div class=\"elementor-element elementor-element-3aaa7c7 elementor-widget elementor-widget-heading\" data-id=\"3aaa7c7\" data-element_type=\"widget\" data-widget_type=\"heading.default\">\n\t\t\t\t<div class=\"elementor-widget-container\">\n\t\t\t\t\t<h2 class=\"elementor-heading-title elementor-size-default\">Bildergalerie<\/h2>\t\t\t\t<\/div>\n\t\t\t\t<\/div>\n\t\t\t\t\t<\/div>\n\t\t<\/div>\n\t\t\t\t\t<\/div>\n\t\t<\/section>\n\t\t\t\t<section class=\"elementor-section elementor-top-section elementor-element elementor-element-02ca392 elementor-section-boxed elementor-section-height-default elementor-section-height-default\" data-id=\"02ca392\" data-element_type=\"section\">\n\t\t\t\t\t\t<div class=\"elementor-container elementor-column-gap-default\">\n\t\t\t\t\t<div class=\"elementor-column elementor-col-100 elementor-top-column elementor-element elementor-element-38e9a06\" data-id=\"38e9a06\" data-element_type=\"column\">\n\t\t\t<div class=\"elementor-widget-wrap elementor-element-populated\">\n\t\t\t\t\t\t<div class=\"elementor-element elementor-element-cfe4b68 elementor-widget elementor-widget-image-gallery\" data-id=\"cfe4b68\" data-element_type=\"widget\" data-widget_type=\"image-gallery.default\">\n\t\t\t\t<div class=\"elementor-widget-container\">\n\t\t\t\t\t\t\t<div class=\"elementor-image-gallery\">\n\t\t\t<div id='gallery-1' class='gallery galleryid-5987 gallery-columns-3 gallery-size-medium'><figure class='gallery-item'>\n\t\t\t<div class='gallery-icon landscape'>\n\t\t\t\t<a data-elementor-open-lightbox=\"yes\" data-elementor-lightbox-slideshow=\"cfe4b68\" data-elementor-lightbox-title=\"Thomas_Scheike_1\" data-e-action-hash=\"#elementor-action%3Aaction%3Dlightbox%26settings%3DeyJpZCI6NTk5NSwidXJsIjoiaHR0cHM6XC9cL2Nob3ItanVzdDRmdW4uZGVcL3dwLWNvbnRlbnRcL3VwbG9hZHNcLzIwMjBcLzAxXC9UaG9tYXNfU2NoZWlrZV8xLmpwZyIsInNsaWRlc2hvdyI6ImNmZTRiNjgifQ%3D%3D\" href='https:\/\/chor-just4fun.de\/wp-content\/uploads\/2020\/01\/Thomas_Scheike_1.jpg'><img decoding=\"async\" width=\"300\" height=\"300\" src=\"https:\/\/chor-just4fun.de\/wp-content\/uploads\/2020\/01\/Thomas_Scheike_1-300x300.jpg\" class=\"attachment-medium size-medium\" alt=\"\" srcset=\"https:\/\/chor-just4fun.de\/wp-content\/uploads\/2020\/01\/Thomas_Scheike_1-300x300.jpg 300w, https:\/\/chor-just4fun.de\/wp-content\/uploads\/2020\/01\/Thomas_Scheike_1-150x150.jpg 150w, https:\/\/chor-just4fun.de\/wp-content\/uploads\/2020\/01\/Thomas_Scheike_1-100x100.jpg 100w, https:\/\/chor-just4fun.de\/wp-content\/uploads\/2020\/01\/Thomas_Scheike_1.jpg 500w\" sizes=\"(max-width: 300px) 100vw, 300px\" \/><\/a>\n\t\t\t<\/div><\/figure><figure class='gallery-item'>\n\t\t\t<div class='gallery-icon landscape'>\n\t\t\t\t<a data-elementor-open-lightbox=\"yes\" data-elementor-lightbox-slideshow=\"cfe4b68\" data-elementor-lightbox-title=\"Thomas_Scheike_2\" data-e-action-hash=\"#elementor-action%3Aaction%3Dlightbox%26settings%3DeyJpZCI6NTk5NiwidXJsIjoiaHR0cHM6XC9cL2Nob3ItanVzdDRmdW4uZGVcL3dwLWNvbnRlbnRcL3VwbG9hZHNcLzIwMjBcLzAxXC9UaG9tYXNfU2NoZWlrZV8yLmpwZyIsInNsaWRlc2hvdyI6ImNmZTRiNjgifQ%3D%3D\" href='https:\/\/chor-just4fun.de\/wp-content\/uploads\/2020\/01\/Thomas_Scheike_2.jpg'><img loading=\"lazy\" decoding=\"async\" width=\"300\" height=\"300\" src=\"https:\/\/chor-just4fun.de\/wp-content\/uploads\/2020\/01\/Thomas_Scheike_2-300x300.jpg\" class=\"attachment-medium size-medium\" alt=\"\" srcset=\"https:\/\/chor-just4fun.de\/wp-content\/uploads\/2020\/01\/Thomas_Scheike_2-300x300.jpg 300w, https:\/\/chor-just4fun.de\/wp-content\/uploads\/2020\/01\/Thomas_Scheike_2-150x150.jpg 150w, https:\/\/chor-just4fun.de\/wp-content\/uploads\/2020\/01\/Thomas_Scheike_2-100x100.jpg 100w, https:\/\/chor-just4fun.de\/wp-content\/uploads\/2020\/01\/Thomas_Scheike_2.jpg 500w\" sizes=\"(max-width: 300px) 100vw, 300px\" \/><\/a>\n\t\t\t<\/div><\/figure><figure class='gallery-item'>\n\t\t\t<div class='gallery-icon landscape'>\n\t\t\t\t<a data-elementor-open-lightbox=\"yes\" data-elementor-lightbox-slideshow=\"cfe4b68\" data-elementor-lightbox-title=\"Thomas_Scheike_Orgel\" data-e-action-hash=\"#elementor-action%3Aaction%3Dlightbox%26settings%3DeyJpZCI6NTk5NywidXJsIjoiaHR0cHM6XC9cL2Nob3ItanVzdDRmdW4uZGVcL3dwLWNvbnRlbnRcL3VwbG9hZHNcLzIwMjBcLzAxXC9UaG9tYXNfU2NoZWlrZV9PcmdlbC5qcGciLCJzbGlkZXNob3ciOiJjZmU0YjY4In0%3D\" href='https:\/\/chor-just4fun.de\/wp-content\/uploads\/2020\/01\/Thomas_Scheike_Orgel.jpg'><img loading=\"lazy\" decoding=\"async\" width=\"300\" height=\"300\" src=\"https:\/\/chor-just4fun.de\/wp-content\/uploads\/2020\/01\/Thomas_Scheike_Orgel-300x300.jpg\" class=\"attachment-medium size-medium\" alt=\"\" srcset=\"https:\/\/chor-just4fun.de\/wp-content\/uploads\/2020\/01\/Thomas_Scheike_Orgel-300x300.jpg 300w, https:\/\/chor-just4fun.de\/wp-content\/uploads\/2020\/01\/Thomas_Scheike_Orgel-150x150.jpg 150w, https:\/\/chor-just4fun.de\/wp-content\/uploads\/2020\/01\/Thomas_Scheike_Orgel-100x100.jpg 100w, https:\/\/chor-just4fun.de\/wp-content\/uploads\/2020\/01\/Thomas_Scheike_Orgel.jpg 500w\" sizes=\"(max-width: 300px) 100vw, 300px\" \/><\/a>\n\t\t\t<\/div><\/figure>\n\t\t<\/div>\n\t\t<\/div>\n\t\t\t\t\t\t<\/div>\n\t\t\t\t<\/div>\n\t\t\t\t\t<\/div>\n\t\t<\/div>\n\t\t\t\t\t<\/div>\n\t\t<\/section>\n\t\t\t\t<\/div>\n\t\t","protected":false},"excerpt":{"rendered":"<p>Thomas Scheike Lebenslauf Geboren 1964 in Bad Kreuznach Orgelsch\u00fcler bei Dieter Wellmann Musikstudium an der Musikhochschule K\u00f6ln:&nbsp;Kath. Kirchenmusik (A-Examen), Instrumental-P\u00e4dagogik Klavier;&nbsp;Orchesterleitung bei Volker Wangenheim (Diplom 1994) Stipendiat der Richard-Wagner-Gesellschaft Konzerte und CD-Produktionen mit dem K\u00f6lner Kammerchor, dem Barock-Chor \u201eCapella Piccola\u201c Neuss und dem Jazzchor &#8222;da capo\u201c, Dortmund. Seit 1998 freiberuflich t\u00e4tig als Chorleiter, Pianist und [&hellip;]<\/p>\n","protected":false},"author":1,"featured_media":0,"parent":0,"menu_order":0,"comment_status":"closed","ping_status":"closed","template":"","meta":{"_uag_custom_page_level_css":"","site-sidebar-layout":"no-sidebar","site-content-layout":"page-builder","ast-site-content-layout":"","site-content-style":"default","site-sidebar-style":"default","ast-global-header-display":"","ast-banner-title-visibility":"","ast-main-header-display":"","ast-hfb-above-header-display":"","ast-hfb-below-header-display":"","ast-hfb-mobile-header-display":"","site-post-title":"disabled","ast-breadcrumbs-content":"","ast-featured-img":"disabled","footer-sml-layout":"","theme-transparent-header-meta":"default","adv-header-id-meta":"","stick-header-meta":"","header-above-stick-meta":"","header-main-stick-meta":"","header-below-stick-meta":"","astra-migrate-meta-layouts":"default","ast-page-background-enabled":"default","ast-page-background-meta":{"desktop":{"background-color":"","background-image":"","background-repeat":"repeat","background-position":"center center","background-size":"auto","background-attachment":"scroll","background-type":"","background-media":"","overlay-type":"","overlay-color":"","overlay-opacity":"","overlay-gradient":""},"tablet":{"background-color":"","background-image":"","background-repeat":"repeat","background-position":"center center","background-size":"auto","background-attachment":"scroll","background-type":"","background-media":"","overlay-type":"","overlay-color":"","overlay-opacity":"","overlay-gradient":""},"mobile":{"background-color":"","background-image":"","background-repeat":"repeat","background-position":"center center","background-size":"auto","background-attachment":"scroll","background-type":"","background-media":"","overlay-type":"","overlay-color":"","overlay-opacity":"","overlay-gradient":""}},"ast-content-background-meta":{"desktop":{"background-color":"var(--ast-global-color-5)","background-image":"","background-repeat":"repeat","background-position":"center center","background-size":"auto","background-attachment":"scroll","background-type":"","background-media":"","overlay-type":"","overlay-color":"","overlay-opacity":"","overlay-gradient":""},"tablet":{"background-color":"var(--ast-global-color-5)","background-image":"","background-repeat":"repeat","background-position":"center center","background-size":"auto","background-attachment":"scroll","background-type":"","background-media":"","overlay-type":"","overlay-color":"","overlay-opacity":"","overlay-gradient":""},"mobile":{"background-color":"var(--ast-global-color-5)","background-image":"","background-repeat":"repeat","background-position":"center center","background-size":"auto","background-attachment":"scroll","background-type":"","background-media":"","overlay-type":"","overlay-color":"","overlay-opacity":"","overlay-gradient":""}},"footnotes":""},"class_list":["post-5987","page","type-page","status-publish","hentry"],"uagb_featured_image_src":{"full":false,"thumbnail":false,"medium":false,"medium_large":false,"large":false,"1536x1536":false,"2048x2048":false,"woocommerce_thumbnail":false,"woocommerce_single":false,"woocommerce_gallery_thumbnail":false},"uagb_author_info":{"display_name":"marcjust4fun","author_link":"https:\/\/chor-just4fun.de\/?author=1"},"uagb_comment_info":0,"uagb_excerpt":"Thomas Scheike Lebenslauf Geboren 1964 in Bad Kreuznach Orgelsch\u00fcler bei Dieter Wellmann Musikstudium an der Musikhochschule K\u00f6ln:&nbsp;Kath. Kirchenmusik (A-Examen), Instrumental-P\u00e4dagogik Klavier;&nbsp;Orchesterleitung bei Volker Wangenheim (Diplom 1994) Stipendiat der Richard-Wagner-Gesellschaft Konzerte und CD-Produktionen mit dem K\u00f6lner Kammerchor, dem Barock-Chor \u201eCapella Piccola\u201c Neuss und dem Jazzchor &#8222;da capo\u201c, Dortmund. Seit 1998 freiberuflich t\u00e4tig als Chorleiter, Pianist und&hellip;","_links":{"self":[{"href":"https:\/\/chor-just4fun.de\/index.php?rest_route=\/wp\/v2\/pages\/5987","targetHints":{"allow":["GET"]}}],"collection":[{"href":"https:\/\/chor-just4fun.de\/index.php?rest_route=\/wp\/v2\/pages"}],"about":[{"href":"https:\/\/chor-just4fun.de\/index.php?rest_route=\/wp\/v2\/types\/page"}],"author":[{"embeddable":true,"href":"https:\/\/chor-just4fun.de\/index.php?rest_route=\/wp\/v2\/users\/1"}],"replies":[{"embeddable":true,"href":"https:\/\/chor-just4fun.de\/index.php?rest_route=%2Fwp%2Fv2%2Fcomments&post=5987"}],"version-history":[{"count":9,"href":"https:\/\/chor-just4fun.de\/index.php?rest_route=\/wp\/v2\/pages\/5987\/revisions"}],"predecessor-version":[{"id":6084,"href":"https:\/\/chor-just4fun.de\/index.php?rest_route=\/wp\/v2\/pages\/5987\/revisions\/6084"}],"wp:attachment":[{"href":"https:\/\/chor-just4fun.de\/index.php?rest_route=%2Fwp%2Fv2%2Fmedia&parent=5987"}],"curies":[{"name":"wp","href":"https:\/\/api.w.org\/{rel}","templated":true}]}}